{"id":671,"date":"2022-09-09T12:06:11","date_gmt":"2022-09-09T12:06:11","guid":{"rendered":"https:\/\/gve-viehbeck.de\/?page_id=671"},"modified":"2025-04-01T02:16:19","modified_gmt":"2025-04-01T02:16:19","slug":"impressum","status":"publish","type":"page","link":"https:\/\/gve-viehbeck.de\/en\/impressum\/","title":{"rendered":"Impressum"},"content":{"rendered":"<div data-elementor-type=\"wp-page\" data-elementor-id=\"671\" class=\"elementor elementor-671\">\n\t\t\t\t\t\t<header class=\"elementor-section elementor-top-section elementor-element elementor-element-29b5a917 elementor-section-height-min-height elementor-section-boxed elementor-section-height-default elementor-section-items-middle\" data-id=\"29b5a917\" data-element_type=\"section\" data-e-type=\"section\" data-settings=\"{&quot;background_background&quot;:&quot;classic&quot;}\">\n\t\t\t\t\t\t\t<div class=\"elementor-background-overlay\"><\/div>\n\t\t\t\t\t\t\t<div class=\"elementor-container elementor-column-gap-default\">\n\t\t\t\t\t<div class=\"elementor-column elementor-col-100 elementor-top-column elementor-element elementor-element-2a5b6649\" data-id=\"2a5b6649\" data-element_type=\"column\" data-e-type=\"column\">\n\t\t\t<div class=\"elementor-widget-wrap elementor-element-populated\">\n\t\t\t\t\t\t<div class=\"elementor-element elementor-element-147aa5e3 elementor-invisible elementor-widget elementor-widget-heading\" data-id=\"147aa5e3\" data-element_type=\"widget\" data-e-type=\"widget\" data-settings=\"{&quot;_animation&quot;:&quot;fadeInDown&quot;}\" data-widget_type=\"heading.default\">\n\t\t\t\t<div class=\"elementor-widget-container\">\n\t\t\t\t\t<h1 class=\"elementor-heading-title elementor-size-default\">Impressum<\/h1>\t\t\t\t<\/div>\n\t\t\t\t<\/div>\n\t\t\t\t\t<\/div>\n\t\t<\/div>\n\t\t\t\t\t<\/div>\n\t\t<\/header>\n\t\t\t\t<section class=\"elementor-section elementor-top-section elementor-element elementor-element-75779951 elementor-section-full_width elementor-section-height-default elementor-section-height-default\" data-id=\"75779951\" data-element_type=\"section\" data-e-type=\"section\" data-settings=\"{&quot;background_background&quot;:&quot;classic&quot;}\">\n\t\t\t\t\t\t<div class=\"elementor-container elementor-column-gap-default\">\n\t\t\t\t\t<div class=\"elementor-column elementor-col-100 elementor-top-column elementor-element elementor-element-718de78e\" data-id=\"718de78e\" data-element_type=\"column\" data-e-type=\"column\">\n\t\t\t<div class=\"elementor-widget-wrap elementor-element-populated\">\n\t\t\t\t\t\t<section class=\"elementor-section elementor-inner-section elementor-element elementor-element-555d4e38 elementor-section-boxed elementor-section-height-default elementor-section-height-default\" data-id=\"555d4e38\" data-element_type=\"section\" data-e-type=\"section\">\n\t\t\t\t\t\t<div class=\"elementor-container elementor-column-gap-default\">\n\t\t\t\t\t<div class=\"elementor-column elementor-col-100 elementor-inner-column elementor-element elementor-element-16ecff5b\" data-id=\"16ecff5b\" data-element_type=\"column\" data-e-type=\"column\">\n\t\t\t<div class=\"elementor-widget-wrap elementor-element-populated\">\n\t\t\t\t\t\t<div class=\"elementor-element elementor-element-626a8c8f elementor-widget elementor-widget-text-editor\" data-id=\"626a8c8f\" data-element_type=\"widget\" data-e-type=\"widget\" data-widget_type=\"text-editor.default\">\n\t\t\t\t<div class=\"elementor-widget-container\">\n\t\t\t\t\t\t\t\t\t<p>GVE Viehbeck Engineering + Systemtechnik GmbH<\/p><p>Technologiepark 1<\/p><p>91522 Ansbach<\/p><p>Telephone: +49 981\/650 51-0<\/p><p>Telefax: +49 981\/650 51-22<\/p><p>E-Mail: <a href=\"mailto:info@gve-viehbeck.de\">info@gve-viehbeck.de<\/a><\/p><p>CEO: G\u00fcnther Viehbeck &amp; Thomas Viehbeck<\/p><p>Register court: Local court F\u00fcrth<\/p><p>Register number: HRB11029<\/p><p>Sales tax identification number according to \u00a7 27 a sales tax law: DE 814840899<\/p>\t\t\t\t\t\t\t\t<\/div>\n\t\t\t\t<\/div>\n\t\t\t\t\t<\/div>\n\t\t<\/div>\n\t\t\t\t\t<\/div>\n\t\t<\/section>\n\t\t\t\t\t<\/div>\n\t\t<\/div>\n\t\t\t\t\t<\/div>\n\t\t<\/section>\n\t\t\t\t<section class=\"elementor-section elementor-top-section elementor-element elementor-element-637789e5 elementor-section-boxed elementor-section-height-default elementor-section-height-default\" data-id=\"637789e5\" data-element_type=\"section\" data-e-type=\"section\" data-settings=\"{&quot;background_background&quot;:&quot;classic&quot;}\">\n\t\t\t\t\t\t<div class=\"elementor-container elementor-column-gap-default\">\n\t\t\t\t\t<div class=\"elementor-column elementor-col-50 elementor-top-column elementor-element elementor-element-504f8594\" data-id=\"504f8594\" data-element_type=\"column\" data-e-type=\"column\">\n\t\t\t<div class=\"elementor-widget-wrap elementor-element-populated\">\n\t\t\t\t\t\t<div class=\"elementor-element elementor-element-5bb74e0 elementor-invisible elementor-widget elementor-widget-heading\" data-id=\"5bb74e0\" data-element_type=\"widget\" data-e-type=\"widget\" data-settings=\"{&quot;_animation&quot;:&quot;fadeIn&quot;}\" data-widget_type=\"heading.default\">\n\t\t\t\t<div class=\"elementor-widget-container\">\n\t\t\t\t\t<h2 class=\"elementor-heading-title elementor-size-default\">Contact<\/h2>\t\t\t\t<\/div>\n\t\t\t\t<\/div>\n\t\t\t\t<div class=\"elementor-element elementor-element-1509c0e4 elementor-widget-divider--view-line elementor-invisible elementor-widget elementor-widget-divider\" data-id=\"1509c0e4\" data-element_type=\"widget\" data-e-type=\"widget\" data-settings=\"{&quot;_animation&quot;:&quot;fadeIn&quot;}\" data-widget_type=\"divider.default\">\n\t\t\t\t<div class=\"elementor-widget-container\">\n\t\t\t\t\t\t\t<div class=\"elementor-divider\">\n\t\t\t<span class=\"elementor-divider-separator\">\n\t\t\t\t\t\t<\/span>\n\t\t<\/div>\n\t\t\t\t\t\t<\/div>\n\t\t\t\t<\/div>\n\t\t\t\t<div class=\"elementor-element elementor-element-57734cea elementor-icon-list--layout-traditional elementor-list-item-link-full_width elementor-widget elementor-widget-icon-list\" data-id=\"57734cea\" data-element_type=\"widget\" data-e-type=\"widget\" data-widget_type=\"icon-list.default\">\n\t\t\t\t<div class=\"elementor-widget-container\">\n\t\t\t\t\t\t\t<ul class=\"elementor-icon-list-items\">\n\t\t\t\t\t\t\t<li class=\"elementor-icon-list-item\">\n\t\t\t\t\t\t\t\t\t\t\t<span class=\"elementor-icon-list-icon\">\n\t\t\t\t\t\t\t<i aria-hidden=\"true\" class=\"fas fa-map-marker-alt\"><\/i>\t\t\t\t\t\t<\/span>\n\t\t\t\t\t\t\t\t\t\t<span class=\"elementor-icon-list-text\">Technologiepark 1, 91522 Ansbach<\/span>\n\t\t\t\t\t\t\t\t\t<\/li>\n\t\t\t\t\t\t\t\t<li class=\"elementor-icon-list-item\">\n\t\t\t\t\t\t\t\t\t\t\t<span class=\"elementor-icon-list-icon\">\n\t\t\t\t\t\t\t<i aria-hidden=\"true\" class=\"fas fa-phone\"><\/i>\t\t\t\t\t\t<\/span>\n\t\t\t\t\t\t\t\t\t\t<span class=\"elementor-icon-list-text\">+49 981\/650 51-0<\/span>\n\t\t\t\t\t\t\t\t\t<\/li>\n\t\t\t\t\t\t\t\t<li class=\"elementor-icon-list-item\">\n\t\t\t\t\t\t\t\t\t\t\t<a href=\"mailto:info@gve-viehbeck.de\">\n\n\t\t\t\t\t\t\t\t\t\t\t\t<span class=\"elementor-icon-list-icon\">\n\t\t\t\t\t\t\t<i aria-hidden=\"true\" class=\"fas fa-envelope\"><\/i>\t\t\t\t\t\t<\/span>\n\t\t\t\t\t\t\t\t\t\t<span class=\"elementor-icon-list-text\">info@gve-viehbeck.de<\/span>\n\t\t\t\t\t\t\t\t\t\t\t<\/a>\n\t\t\t\t\t\t\t\t\t<\/li>\n\t\t\t\t\t\t<\/ul>\n\t\t\t\t\t\t<\/div>\n\t\t\t\t<\/div>\n\t\t\t\t\t<\/div>\n\t\t<\/div>\n\t\t\t\t<div class=\"elementor-column elementor-col-50 elementor-top-column elementor-element elementor-element-2b8f1d8e\" data-id=\"2b8f1d8e\" data-element_type=\"column\" data-e-type=\"column\">\n\t\t\t<div class=\"elementor-widget-wrap elementor-element-populated\">\n\t\t\t\t\t\t<div class=\"elementor-element elementor-element-6b5f43f8 elementor-invisible elementor-widget elementor-widget-heading\" data-id=\"6b5f43f8\" data-element_type=\"widget\" data-e-type=\"widget\" data-settings=\"{&quot;_animation&quot;:&quot;fadeIn&quot;}\" data-widget_type=\"heading.default\">\n\t\t\t\t<div class=\"elementor-widget-container\">\n\t\t\t\t\t<h2 class=\"elementor-heading-title elementor-size-default\">Links<\/h2>\t\t\t\t<\/div>\n\t\t\t\t<\/div>\n\t\t\t\t<div class=\"elementor-element elementor-element-2b781041 elementor-widget-divider--view-line elementor-invisible elementor-widget elementor-widget-divider\" data-id=\"2b781041\" data-element_type=\"widget\" data-e-type=\"widget\" data-settings=\"{&quot;_animation&quot;:&quot;fadeIn&quot;}\" data-widget_type=\"divider.default\">\n\t\t\t\t<div class=\"elementor-widget-container\">\n\t\t\t\t\t\t\t<div class=\"elementor-divider\">\n\t\t\t<span class=\"elementor-divider-separator\">\n\t\t\t\t\t\t<\/span>\n\t\t<\/div>\n\t\t\t\t\t\t<\/div>\n\t\t\t\t<\/div>\n\t\t\t\t<div class=\"elementor-element elementor-element-1ea9595e elementor-widget elementor-widget-text-editor\" data-id=\"1ea9595e\" data-element_type=\"widget\" data-e-type=\"widget\" data-widget_type=\"text-editor.default\">\n\t\t\t\t<div class=\"elementor-widget-container\">\n\t\t\t\t\t\t\t\t\t<p><a href=\"http:\/\/gve-viehbeck.com\/ueber-uns\/#stellenausschreibungen\">Jobs<\/a><\/p><p><a href=\"https:\/\/gve-viehbeck.de\/wp-content\/uploads\/2025\/04\/Allgemeine-Geschaeftsbedingungen-GVE-01-2025.pdf\" target=\"_blank\" rel=\"noopener\">AGB \/ <\/a><a href=\"https:\/\/gve-viehbeck.de\/wp-content\/uploads\/2025\/04\/Allgemeine-Einkaufgsbedingungen-GVE-01-2025.pdf\" target=\"_blank\" rel=\"noopener\">AEB<\/a><\/p><p><a href=\"https:\/\/gve-viehbeck.de\/en\/datenschutzbestimmungen\/\">Data privacy<\/a><\/p><p><a href=\"https:\/\/gve-viehbeck.de\/en\/impressum\/\">Impressum<\/a><\/p>\t\t\t\t\t\t\t\t<\/div>\n\t\t\t\t<\/div>\n\t\t\t\t\t<\/div>\n\t\t<\/div>\n\t\t\t\t\t<\/div>\n\t\t<\/section>\n\t\t\t\t<\/div>","protected":false},"excerpt":{"rendered":"<p>Impressum GVE Viehbeck Engineering + Systemtechnik GmbH Technologiepark 1 91522 Ansbach Telefon: 0981\/650 51-0 Telefax: 0981\/650 51-22 E-Mail: info@gve-viehbeck.de Gesch\u00e4ftsf\u00fchrer: G\u00fcnther Viehbeck &amp; Thomas Viehbeck Registergericht: Amtsgericht F\u00fcrth Registernummer: HRB11029 Umsatzsteuer-Identifikationsnummer gem\u00e4\u00df \u00a7 27 a Umsatzsteuergesetz: DE 814840899 Kontakt Technologiepark 1, 91522 Ansbach +49 981\/650 51-0 info@gve-viehbeck.de Links Jobs AGB \/ AEB Datenschutz Impressum<\/p>","protected":false},"author":1,"featured_media":0,"parent":0,"menu_order":0,"comment_status":"closed","ping_status":"closed","template":"","meta":{"ocean_post_layout":"full-screen","ocean_both_sidebars_style":"","ocean_both_sidebars_content_width":0,"ocean_both_sidebars_sidebars_width":0,"ocean_sidebar":"0","ocean_second_sidebar":"0","ocean_disable_margins":"enable","ocean_add_body_class":"","ocean_shortcode_before_top_bar":"","ocean_shortcode_after_top_bar":"","ocean_shortcode_before_header":"","ocean_shortcode_after_header":"","ocean_has_shortcode":"","ocean_shortcode_after_title":"","ocean_shortcode_before_footer_widgets":"","ocean_shortcode_after_footer_widgets":"","ocean_shortcode_before_footer_bottom":"","ocean_shortcode_after_footer_bottom":"","ocean_display_top_bar":"off","ocean_display_header":"default","ocean_header_style":"","ocean_center_header_left_menu":"0","ocean_custom_header_template":"0","ocean_custom_logo":0,"ocean_custom_retina_logo":0,"ocean_custom_logo_max_width":0,"ocean_custom_logo_tablet_max_width":0,"ocean_custom_logo_mobile_max_width":0,"ocean_custom_logo_max_height":0,"ocean_custom_logo_tablet_max_height":0,"ocean_custom_logo_mobile_max_height":0,"ocean_header_custom_menu":"0","ocean_menu_typo_font_family":"0","ocean_menu_typo_font_subset":"","ocean_menu_typo_font_size":0,"ocean_menu_typo_font_size_tablet":0,"ocean_menu_typo_font_size_mobile":0,"ocean_menu_typo_font_size_unit":"px","ocean_menu_typo_font_weight":"","ocean_menu_typo_font_weight_tablet":"","ocean_menu_typo_font_weight_mobile":"","ocean_menu_typo_transform":"","ocean_menu_typo_transform_tablet":"","ocean_menu_typo_transform_mobile":"","ocean_menu_typo_line_height":0,"ocean_menu_typo_line_height_tablet":0,"ocean_menu_typo_line_height_mobile":0,"ocean_menu_typo_line_height_unit":"","ocean_menu_typo_spacing":0,"ocean_menu_typo_spacing_tablet":0,"ocean_menu_typo_spacing_mobile":0,"ocean_menu_typo_spacing_unit":"","ocean_menu_link_color":"","ocean_menu_link_color_hover":"","ocean_menu_link_color_active":"","ocean_menu_link_background":"","ocean_menu_link_hover_background":"","ocean_menu_link_active_background":"","ocean_menu_social_links_bg":"","ocean_menu_social_hover_links_bg":"","ocean_menu_social_links_color":"","ocean_menu_social_hover_links_color":"","ocean_disable_title":"on","ocean_disable_heading":"default","ocean_post_title":"","ocean_post_subheading":"","ocean_post_title_style":"","ocean_post_title_background_color":"","ocean_post_title_background":0,"ocean_post_title_bg_image_position":"","ocean_post_title_bg_image_attachment":"","ocean_post_title_bg_image_repeat":"","ocean_post_title_bg_image_size":"","ocean_post_title_height":0,"ocean_post_title_bg_overlay":0.5,"ocean_post_title_bg_overlay_color":"","ocean_disable_breadcrumbs":"default","ocean_breadcrumbs_color":"","ocean_breadcrumbs_separator_color":"","ocean_breadcrumbs_links_color":"","ocean_breadcrumbs_links_hover_color":"","ocean_display_footer_widgets":"off","ocean_display_footer_bottom":"default","ocean_custom_footer_template":"0","footnotes":""},"class_list":["post-671","page","type-page","status-publish","hentry","entry"],"yoast_head":"<!-- This site is optimized with the Yoast SEO plugin v27.4 - https:\/\/yoast.com\/product\/yoast-seo-wordpress\/ -->\n<title>Impressum - GVE G\u00fcnther Viehbeck Engineering<\/title>\n<meta name=\"robots\" content=\"index, follow, max-snippet:-1, max-image-preview:large, max-video-preview:-1\" \/>\n<link rel=\"canonical\" href=\"https:\/\/gve-viehbeck.de\/en\/impressum\/\" \/>\n<meta property=\"og:locale\" content=\"en_US\" \/>\n<meta property=\"og:type\" content=\"article\" \/>\n<meta property=\"og:title\" content=\"Impressum - GVE G\u00fcnther Viehbeck Engineering\" \/>\n<meta property=\"og:description\" content=\"Impressum GVE Viehbeck Engineering + Systemtechnik GmbH Technologiepark 1 91522 Ansbach Telefon: 0981\/650 51-0 Telefax: 0981\/650 51-22 E-Mail: info@gve-viehbeck.de Gesch\u00e4ftsf\u00fchrer: G\u00fcnther Viehbeck &amp; Thomas Viehbeck Registergericht: Amtsgericht F\u00fcrth Registernummer: HRB11029 Umsatzsteuer-Identifikationsnummer gem\u00e4\u00df \u00a7 27 a Umsatzsteuergesetz: DE 814840899 Kontakt Technologiepark 1, 91522 Ansbach +49 981\/650 51-0 info@gve-viehbeck.de Links Jobs AGB \/ AEB Datenschutz Impressum\" \/>\n<meta property=\"og:url\" content=\"https:\/\/gve-viehbeck.de\/en\/impressum\/\" \/>\n<meta property=\"og:site_name\" content=\"GVE G\u00fcnther Viehbeck Engineering\" \/>\n<meta property=\"article:modified_time\" content=\"2025-04-01T02:16:19+00:00\" \/>\n<meta name=\"twitter:card\" content=\"summary_large_image\" \/>\n<meta name=\"twitter:label1\" content=\"Est. reading time\" \/>\n\t<meta name=\"twitter:data1\" content=\"1 minute\" \/>\n<script type=\"application\/ld+json\" class=\"yoast-schema-graph\">{\"@context\":\"https:\\\/\\\/schema.org\",\"@graph\":[{\"@type\":\"WebPage\",\"@id\":\"https:\\\/\\\/gve-viehbeck.de\\\/impressum\\\/\",\"url\":\"https:\\\/\\\/gve-viehbeck.de\\\/impressum\\\/\",\"name\":\"Impressum - GVE G\u00fcnther Viehbeck Engineering\",\"isPartOf\":{\"@id\":\"https:\\\/\\\/gve-viehbeck.de\\\/#website\"},\"datePublished\":\"2022-09-09T12:06:11+00:00\",\"dateModified\":\"2025-04-01T02:16:19+00:00\",\"breadcrumb\":{\"@id\":\"https:\\\/\\\/gve-viehbeck.de\\\/impressum\\\/#breadcrumb\"},\"inLanguage\":\"en-US\",\"potentialAction\":[{\"@type\":\"ReadAction\",\"target\":[\"https:\\\/\\\/gve-viehbeck.de\\\/impressum\\\/\"]}]},{\"@type\":\"BreadcrumbList\",\"@id\":\"https:\\\/\\\/gve-viehbeck.de\\\/impressum\\\/#breadcrumb\",\"itemListElement\":[{\"@type\":\"ListItem\",\"position\":1,\"name\":\"Startseite\",\"item\":\"https:\\\/\\\/gve-viehbeck.de\\\/\"},{\"@type\":\"ListItem\",\"position\":2,\"name\":\"Impressum\"}]},{\"@type\":\"WebSite\",\"@id\":\"https:\\\/\\\/gve-viehbeck.de\\\/#website\",\"url\":\"https:\\\/\\\/gve-viehbeck.de\\\/\",\"name\":\"GVE G\u00fcnther Viehbeck Engineering\",\"description\":\"Viehbeck Engineering + Systemtechnik GmbH\",\"publisher\":{\"@id\":\"https:\\\/\\\/gve-viehbeck.de\\\/#organization\"},\"potentialAction\":[{\"@type\":\"SearchAction\",\"target\":{\"@type\":\"EntryPoint\",\"urlTemplate\":\"https:\\\/\\\/gve-viehbeck.de\\\/?s={search_term_string}\"},\"query-input\":{\"@type\":\"PropertyValueSpecification\",\"valueRequired\":true,\"valueName\":\"search_term_string\"}}],\"inLanguage\":\"en-US\"},{\"@type\":\"Organization\",\"@id\":\"https:\\\/\\\/gve-viehbeck.de\\\/#organization\",\"name\":\"GVE G\u00fcnther Viehbeck Engineering\",\"url\":\"https:\\\/\\\/gve-viehbeck.de\\\/\",\"logo\":{\"@type\":\"ImageObject\",\"inLanguage\":\"en-US\",\"@id\":\"https:\\\/\\\/gve-viehbeck.de\\\/#\\\/schema\\\/logo\\\/image\\\/\",\"url\":\"https:\\\/\\\/gve-viehbeck.de\\\/wp-content\\\/uploads\\\/2022\\\/08\\\/cropped-cropped-1281358328.73_3_o.jpeg\",\"contentUrl\":\"https:\\\/\\\/gve-viehbeck.de\\\/wp-content\\\/uploads\\\/2022\\\/08\\\/cropped-cropped-1281358328.73_3_o.jpeg\",\"width\":160,\"height\":66,\"caption\":\"GVE G\u00fcnther Viehbeck Engineering\"},\"image\":{\"@id\":\"https:\\\/\\\/gve-viehbeck.de\\\/#\\\/schema\\\/logo\\\/image\\\/\"}}]}<\/script>\n<!-- \/ Yoast SEO plugin. -->","yoast_head_json":{"title":"Impressum - GVE G\u00fcnther Viehbeck Engineering","robots":{"index":"index","follow":"follow","max-snippet":"max-snippet:-1","max-image-preview":"max-image-preview:large","max-video-preview":"max-video-preview:-1"},"canonical":"https:\/\/gve-viehbeck.de\/en\/impressum\/","og_locale":"en_US","og_type":"article","og_title":"Impressum - GVE G\u00fcnther Viehbeck Engineering","og_description":"Impressum GVE Viehbeck Engineering + Systemtechnik GmbH Technologiepark 1 91522 Ansbach Telefon: 0981\/650 51-0 Telefax: 0981\/650 51-22 E-Mail: info@gve-viehbeck.de Gesch\u00e4ftsf\u00fchrer: G\u00fcnther Viehbeck &amp; Thomas Viehbeck Registergericht: Amtsgericht F\u00fcrth Registernummer: HRB11029 Umsatzsteuer-Identifikationsnummer gem\u00e4\u00df \u00a7 27 a Umsatzsteuergesetz: DE 814840899 Kontakt Technologiepark 1, 91522 Ansbach +49 981\/650 51-0 info@gve-viehbeck.de Links Jobs AGB \/ AEB Datenschutz Impressum","og_url":"https:\/\/gve-viehbeck.de\/en\/impressum\/","og_site_name":"GVE G\u00fcnther Viehbeck Engineering","article_modified_time":"2025-04-01T02:16:19+00:00","twitter_card":"summary_large_image","twitter_misc":{"Est. reading time":"1 minute"},"schema":{"@context":"https:\/\/schema.org","@graph":[{"@type":"WebPage","@id":"https:\/\/gve-viehbeck.de\/impressum\/","url":"https:\/\/gve-viehbeck.de\/impressum\/","name":"Impressum - GVE G\u00fcnther Viehbeck Engineering","isPartOf":{"@id":"https:\/\/gve-viehbeck.de\/#website"},"datePublished":"2022-09-09T12:06:11+00:00","dateModified":"2025-04-01T02:16:19+00:00","breadcrumb":{"@id":"https:\/\/gve-viehbeck.de\/impressum\/#breadcrumb"},"inLanguage":"en-US","potentialAction":[{"@type":"ReadAction","target":["https:\/\/gve-viehbeck.de\/impressum\/"]}]},{"@type":"BreadcrumbList","@id":"https:\/\/gve-viehbeck.de\/impressum\/#breadcrumb","itemListElement":[{"@type":"ListItem","position":1,"name":"Startseite","item":"https:\/\/gve-viehbeck.de\/"},{"@type":"ListItem","position":2,"name":"Impressum"}]},{"@type":"WebSite","@id":"https:\/\/gve-viehbeck.de\/#website","url":"https:\/\/gve-viehbeck.de\/","name":"GVE G\u00fcnther Viehbeck Engineering","description":"Viehbeck Engineering + Systemtechnik GmbH","publisher":{"@id":"https:\/\/gve-viehbeck.de\/#organization"},"potentialAction":[{"@type":"SearchAction","target":{"@type":"EntryPoint","urlTemplate":"https:\/\/gve-viehbeck.de\/?s={search_term_string}"},"query-input":{"@type":"PropertyValueSpecification","valueRequired":true,"valueName":"search_term_string"}}],"inLanguage":"en-US"},{"@type":"Organization","@id":"https:\/\/gve-viehbeck.de\/#organization","name":"GVE G\u00fcnther Viehbeck Engineering","url":"https:\/\/gve-viehbeck.de\/","logo":{"@type":"ImageObject","inLanguage":"en-US","@id":"https:\/\/gve-viehbeck.de\/#\/schema\/logo\/image\/","url":"https:\/\/gve-viehbeck.de\/wp-content\/uploads\/2022\/08\/cropped-cropped-1281358328.73_3_o.jpeg","contentUrl":"https:\/\/gve-viehbeck.de\/wp-content\/uploads\/2022\/08\/cropped-cropped-1281358328.73_3_o.jpeg","width":160,"height":66,"caption":"GVE G\u00fcnther Viehbeck Engineering"},"image":{"@id":"https:\/\/gve-viehbeck.de\/#\/schema\/logo\/image\/"}}]}},"_links":{"self":[{"href":"https:\/\/gve-viehbeck.de\/en\/wp-json\/wp\/v2\/pages\/671","targetHints":{"allow":["GET"]}}],"collection":[{"href":"https:\/\/gve-viehbeck.de\/en\/wp-json\/wp\/v2\/pages"}],"about":[{"href":"https:\/\/gve-viehbeck.de\/en\/wp-json\/wp\/v2\/types\/page"}],"author":[{"embeddable":true,"href":"https:\/\/gve-viehbeck.de\/en\/wp-json\/wp\/v2\/users\/1"}],"replies":[{"embeddable":true,"href":"https:\/\/gve-viehbeck.de\/en\/wp-json\/wp\/v2\/comments?post=671"}],"version-history":[{"count":24,"href":"https:\/\/gve-viehbeck.de\/en\/wp-json\/wp\/v2\/pages\/671\/revisions"}],"predecessor-version":[{"id":1270,"href":"https:\/\/gve-viehbeck.de\/en\/wp-json\/wp\/v2\/pages\/671\/revisions\/1270"}],"wp:attachment":[{"href":"https:\/\/gve-viehbeck.de\/en\/wp-json\/wp\/v2\/media?parent=671"}],"curies":[{"name":"wp","href":"https:\/\/api.w.org\/{rel}","templated":true}]}}